{"id":8665,"date":"2020-11-17T14:27:31","date_gmt":"2020-11-17T14:27:31","guid":{"rendered":"https:\/\/www.cyaleor.com\/appointment-request\/"},"modified":"2023-12-19T12:00:03","modified_gmt":"2023-12-19T12:00:03","slug":"appointment-request","status":"publish","type":"page","link":"https:\/\/www.cyaleor.com\/en\/appointment-request\/","title":{"rendered":"Appointment request"},"content":{"rendered":"<div class=\"fusion-fullwidth fullwidth-box fusion-builder-row-1 fusion-flex-container nonhundred-percent-fullwidth non-hundred-percent-height-scrolling\" style=\"--awb-border-radius-top-left:0px;--awb-border-radius-top-right:0px;--awb-border-radius-bottom-right:0px;--awb-border-radius-bottom-left:0px;--awb-flex-wrap:wrap;\" ><div class=\"fusion-builder-row fusion-row fusion-flex-align-items-flex-start fusion-flex-content-wrap\" style=\"max-width:1248px;margin-left: calc(-4% \/ 2 );margin-right: calc(-4% \/ 2 );\"><div class=\"fusion-layout-column fusion_builder_column fusion-builder-column-0 fusion_builder_column_1_1 1_1 fusion-flex-column\" style=\"--awb-bg-size:cover;--awb-width-large:100%;--awb-margin-top-large:0px;--awb-spacing-right-large:1.92%;--awb-margin-bottom-large:20px;--awb-spacing-left-large:1.92%;--awb-width-medium:100%;--awb-order-medium:0;--awb-spacing-right-medium:1.92%;--awb-spacing-left-medium:1.92%;--awb-width-small:100%;--awb-order-small:0;--awb-spacing-right-small:1.92%;--awb-spacing-left-small:1.92%;\"><div class=\"fusion-column-wrapper fusion-column-has-shadow fusion-flex-justify-content-flex-start fusion-content-layout-column\"><div class=\"fusion-form fusion-form-builder fusion-form-form-wrapper fusion-form-1137\" style=\"--awb-tooltip-text-color:#ffffff;--awb-tooltip-background-color:#333333;\" data-form-id=\"1137\" data-config=\"{&quot;form_id&quot;:1137,&quot;form_post_id&quot;:1137,&quot;post_id&quot;:8665,&quot;form_type&quot;:&quot;ajax&quot;,&quot;confirmation_type&quot;:&quot;redirect&quot;,&quot;redirect_url&quot;:&quot;https:\\\/\\\/www.cyaleor.com\\\/&quot;,&quot;redirect_timeout&quot;:&quot;0&quot;,&quot;field_labels&quot;:{&quot;votre_e-mail&quot;:&quot;Votre e-mail&quot;,&quot;votre_entreprise&quot;:&quot;Votre entreprise&quot;,&quot;siret&quot;:&quot;Siret&quot;,&quot;noms_et_prenoms&quot;:&quot;Noms et Prenoms&quot;,&quot;numero_de_telephone&quot;:&quot;Num\\u00e9ro de t\\u00e9l\\u00e9phone&quot;,&quot;adresse_postale&quot;:&quot;Adresse postale&quot;,&quot;informations_complementaires&quot;:&quot;Informations complementaires&quot;},&quot;field_logics&quot;:{&quot;votre_e-mail&quot;:&quot;&quot;,&quot;votre_entreprise&quot;:&quot;&quot;,&quot;siret&quot;:&quot;&quot;,&quot;noms_et_prenoms&quot;:&quot;&quot;,&quot;numero_de_telephone&quot;:&quot;&quot;,&quot;adresse_postale&quot;:&quot;&quot;,&quot;informations_complementaires&quot;:&quot;&quot;,&quot;submit_1&quot;:&quot;&quot;},&quot;field_types&quot;:{&quot;votre_e-mail&quot;:&quot;email&quot;,&quot;votre_entreprise&quot;:&quot;text&quot;,&quot;siret&quot;:&quot;text&quot;,&quot;noms_et_prenoms&quot;:&quot;text&quot;,&quot;numero_de_telephone&quot;:&quot;phone_number&quot;,&quot;adresse_postale&quot;:&quot;textarea&quot;,&quot;informations_complementaires&quot;:&quot;textarea&quot;,&quot;recaptcha_1&quot;:&quot;recaptcha&quot;,&quot;submit_1&quot;:&quot;submit&quot;},&quot;nonce_method&quot;:&quot;ajax&quot;,&quot;form_views&quot;:&quot;ajax&quot;,&quot;form_views_counting&quot;:&quot;all&quot;}\"><form action=\"https:\/\/www.cyaleor.com\/en\/appointment-request\/\" method=\"post\" class=\"fusion-form fusion-form-1137\"><div class=\"fusion-fullwidth fullwidth-box fusion-builder-row-1-1 fusion-flex-container nonhundred-percent-fullwidth non-hundred-percent-height-scrolling\" style=\"--awb-border-radius-top-left:0px;--awb-border-radius-top-right:0px;--awb-border-radius-bottom-right:0px;--awb-border-radius-bottom-left:0px;--awb-flex-wrap:wrap;\" ><div class=\"fusion-builder-row fusion-row fusion-flex-align-items-flex-start fusion-flex-content-wrap\" style=\"width:104% !important;max-width:104% !important;margin-left: calc(-4% \/ 2 );margin-right: calc(-4% \/ 2 );\"><div class=\"fusion-layout-column fusion_builder_column fusion-builder-column-1 fusion_builder_column_1_1 1_1 fusion-flex-column\" style=\"--awb-bg-size:cover;--awb-width-large:100%;--awb-flex-grow:0;--awb-flex-shrink:0;--awb-margin-top-large:0px;--awb-spacing-right-large:1.92%;--awb-margin-bottom-large:20px;--awb-spacing-left-large:1.92%;--awb-width-medium:100%;--awb-order-medium:0;--awb-flex-grow-medium:0;--awb-flex-shrink-medium:0;--awb-spacing-right-medium:1.92%;--awb-spacing-left-medium:1.92%;--awb-width-small:100%;--awb-order-small:0;--awb-flex-grow-small:0;--awb-flex-shrink-small:0;--awb-spacing-right-small:1.92%;--awb-spacing-left-small:1.92%;\"><div class=\"fusion-column-wrapper fusion-column-has-shadow fusion-flex-justify-content-flex-start fusion-content-layout-column\"><div class=\"fusion-form-field fusion-form-email-field fusion-form-label-above\" style=\"\" data-form-id=\"1137\"><div class=\"fusion-form-label-wrapper\"><label for=\"votre_e-mail\">Votre e-mail <abbr class=\"fusion-form-element-required\" title=\"required\">*<\/abbr><\/label><\/div><div class=\"fusion-form-input-with-icon\"><i class=\"awb-form-icon fa-paper-plane far\"><\/i><input type=\"email\" autocomplete=\"off\" name=\"votre_e-mail\" id=\"votre_e-mail\" value=\"\"  class=\"fusion-form-input\" required=\"true\" aria-required=\"true\" placeholder=\"Entrez votre adresse e-mail *\" data-holds-private-data=\"false\"\/><\/div><\/div><div class=\"fusion-form-field fusion-form-text-field fusion-form-label-above\" style=\"\" data-form-id=\"1137\"><div class=\"fusion-form-label-wrapper\"><label for=\"votre_entreprise\">Votre entreprise <abbr class=\"fusion-form-element-required\" title=\"required\">*<\/abbr><\/label><\/div><div class=\"fusion-form-input-with-icon\"><i class=\"awb-form-icon fa-gem far\"><\/i><input type=\"text\" autocomplete=\"off\" name=\"votre_entreprise\" id=\"votre_entreprise\" value=\"\"  class=\"fusion-form-input\" required=\"true\" aria-required=\"true\" placeholder=\"Entrez le nom de votre boutique *\" data-holds-private-data=\"false\" minlength=\"0\"\/><\/div><\/div><div class=\"fusion-form-field fusion-form-text-field fusion-form-label-above\" style=\"\" data-form-id=\"1137\"><div class=\"fusion-form-label-wrapper\"><label for=\"siret\">Siret <abbr class=\"fusion-form-element-required\" title=\"required\">*<\/abbr><\/label><\/div><input type=\"text\" autocomplete=\"off\" name=\"siret\" id=\"siret\" value=\"\"  class=\"fusion-form-input\" required=\"true\" aria-required=\"true\" data-holds-private-data=\"false\" minlength=\"0\"\/><\/div><div class=\"fusion-form-field fusion-form-text-field fusion-form-label-above\" style=\"\" data-form-id=\"1137\"><div class=\"fusion-form-label-wrapper\"><label for=\"noms_et_prenoms\">Noms et Prenoms <abbr class=\"fusion-form-element-required\" title=\"required\">*<\/abbr><\/label><\/div><div class=\"fusion-form-input-with-icon\"><i class=\"awb-form-icon fa-address-card far\"><\/i><input type=\"text\" autocomplete=\"off\" name=\"noms_et_prenoms\" id=\"noms_et_prenoms\" value=\"\"  class=\"fusion-form-input\" required=\"true\" aria-required=\"true\" data-holds-private-data=\"false\" minlength=\"0\"\/><\/div><\/div><div class=\"fusion-form-field fusion-form-phone-number-field fusion-form-label-above\" style=\"\" data-form-id=\"1137\"><div class=\"fusion-form-label-wrapper\"><label for=\"numero_de_telephone\">Num\u00e9ro de t\u00e9l\u00e9phone<\/label><\/div><div class=\"fusion-form-input-with-icon\"><i class=\"awb-form-icon fa-bell far\"><\/i><input type=\"tel\" autocomplete=\"off\" name=\"numero_de_telephone\" id=\"numero_de_telephone\" value=\"\"  class=\"fusion-form-input\" data-holds-private-data=\"false\"\/><\/div><\/div><div class=\"fusion-form-field fusion-form-textarea-field fusion-form-label-above\" style=\"\" data-form-id=\"1137\"><label for=\"adresse_postale\">Adresse postale <abbr class=\"fusion-form-element-required\" title=\"required\">*<\/abbr><\/label><div class=\"fusion-form-input-with-icon\"><i class=\" fa-building far\"><\/i><textarea cols=\"40\" autocomplete=\"off\"  minlength=\"0\"  rows=\"4\" tabindex=\"\" id=\"adresse_postale\" name=\"adresse_postale\" class=\"fusion-form-input\" required=\"true\" aria-required=\"true\" placeholder=\"Adresse et code postal *\" data-holds-private-data=\"false\"><\/textarea><\/div><\/div><div class=\"fusion-form-field fusion-form-textarea-field fusion-form-label-above\" style=\"\" data-form-id=\"1137\"><label for=\"informations_complementaires\">Informations complementaires<\/label><textarea cols=\"40\" autocomplete=\"off\"  minlength=\"0\"  maxlength=\"150\" rows=\"4\" tabindex=\"\" id=\"informations_complementaires\" name=\"informations_complementaires\" class=\"fusion-form-input\" data-holds-private-data=\"false\"><\/textarea><\/div><div class=\"fusion-form-field fusion-form-recaptcha-field fusion-form-label-above\" style=\"\" data-form-id=\"1137\">\t\t\t\t<div class=\"form-creator-recaptcha\" >\n\t\t\t\t\t\t\t\t\t\t\t\t\t\t<div class=\"fusion-form-recaptcha-wrapper\">\n\t\t\t\t\t<div\n\t\t\t\t\t\tid=\"g-recaptcha-id-form-1137\"\n\t\t\t\t\t\tclass=\"awb-recaptcha-v2 fusion-form-recaptcha-v2\"\n\t\t\t\t\t\tdata-theme=\"light\"\n\t\t\t\t\t\tdata-sitekey=\"6LdiYBspAAAAAMi0Ptkk1jseEptJZ9Jqo9l37Z1u\"\n\t\t\t\t\t\tdata-tabindex=\"\">\n\t\t\t\t\t<\/div>\n\t\t\t\t<\/div>\n\t\t\t\t\t\t\t\t\t\t\t<\/div>\n\t\t\t\t<\/div><div class=\"fusion-form-field fusion-form-submit-field fusion-form-label-above\" style=\"\" data-form-id=\"1137\"><div ><button type=\"submit\" class=\"fusion-button button-flat button-medium button-blue fusion-button-blue button-1 fusion-button-default-span  button-default form-form-submit\" data-form-number=\"1137\" tabindex=\"\"><i class=\"fa-thumbs-up far awb-button__icon awb-button__icon--default button-icon-left\" aria-hidden=\"true\"><\/i><span class=\"fusion-button-text awb-button__text awb-button__text--default\">Envoyer<\/span><\/button><\/div><\/div><\/div><\/div><\/div><\/div><input type=\"hidden\" name=\"fusion_privacy_expiration_interval\" value=\"48\"><input type=\"hidden\" name=\"privacy_expiration_action\" value=\"anonymize\"><\/form><\/div><\/div><\/div><\/div><\/div>\n","protected":false},"excerpt":{"rendered":"","protected":false},"author":1,"featured_media":0,"parent":0,"menu_order":0,"comment_status":"closed","ping_status":"closed","template":"","meta":{"footnotes":""},"class_list":["post-8665","page","type-page","status-publish","hentry"],"jetpack_sharing_enabled":true,"_links":{"self":[{"href":"https:\/\/www.cyaleor.com\/en\/wp-json\/wp\/v2\/pages\/8665","targetHints":{"allow":["GET"]}}],"collection":[{"href":"https:\/\/www.cyaleor.com\/en\/wp-json\/wp\/v2\/pages"}],"about":[{"href":"https:\/\/www.cyaleor.com\/en\/wp-json\/wp\/v2\/types\/page"}],"author":[{"embeddable":true,"href":"https:\/\/www.cyaleor.com\/en\/wp-json\/wp\/v2\/users\/1"}],"replies":[{"embeddable":true,"href":"https:\/\/www.cyaleor.com\/en\/wp-json\/wp\/v2\/comments?post=8665"}],"version-history":[{"count":2,"href":"https:\/\/www.cyaleor.com\/en\/wp-json\/wp\/v2\/pages\/8665\/revisions"}],"predecessor-version":[{"id":8675,"href":"https:\/\/www.cyaleor.com\/en\/wp-json\/wp\/v2\/pages\/8665\/revisions\/8675"}],"wp:attachment":[{"href":"https:\/\/www.cyaleor.com\/en\/wp-json\/wp\/v2\/media?parent=8665"}],"curies":[{"name":"wp","href":"https:\/\/api.w.org\/{rel}","templated":true}]}}